{"id":724,"date":"2025-01-09T11:33:36","date_gmt":"2025-01-09T10:33:36","guid":{"rendered":"https:\/\/coaching-leman.ch\/mentions-legales\/"},"modified":"2025-02-19T16:15:54","modified_gmt":"2025-02-19T15:15:54","slug":"rechtliche-hinweise","status":"publish","type":"page","link":"https:\/\/coaching-leman.ch\/de\/rechtliche-hinweise\/","title":{"rendered":"Rechtliche Hinweise"},"content":{"rendered":"\r\n<h2 class=\"wp-block-heading\">Wichtiger rechtlicher Hinweis<\/h2>\r\n\r\n\r\n\r\n<h4 class=\"wp-block-heading\">Coaching L\u00e9man<\/h4>\r\n\r\n\r\n\r\n<p>Die Inhalte der Website coaching-l\u00e9man sind durch Urheberrechtsgesetze gesch\u00fctzt. Die Inhalte der Website d\u00fcrfen in keiner Form reproduziert, \u00fcbertragen, verbreitet oder gespeichert werden, au\u00dfer f\u00fcr den streng pers\u00f6nlichen Gebrauch. Die Informationen auf dieser Website sind zum Zeitpunkt ihrer Ver\u00f6ffentlichung korrekt. Wir behalten uns das Recht vor, diese Informationen zu \u00e4ndern.<\/p>\r\n\r\n\r\n\r\n<p>Bitte beachten Sie, dass Sie durch das Folgen bestimmter Links auf unserer Website die coaching-l\u00e9man Website verlassen und auf Websites zugreifen k\u00f6nnen, die wir nicht \u00fcberpr\u00fcft haben und f\u00fcr die Coaching L\u00e9man (Moraine SA) oder seine Subunternehmer keine Verantwortung \u00fcbernehmen. Wir lehnen jede Verantwortung f\u00fcr Inhalte, Informationen, Produkte, Dienstleistungen oder andere Elemente ab, die auf anderen Websites als der coaching-l\u00e9man Website angeboten werden, und k\u00f6nnen nicht f\u00fcr eventuelle Sch\u00e4den verantwortlich gemacht werden, die durch den Zugriff auf diese Websites oder deren Nutzung entstehen.<\/p>\r\n\r\n\r\n\r\n<p>Coaching L\u00e9man (Moraine SA) beh\u00e4lt sich das Recht vor, gelegentlich \u00c4nderungen an diesem Hinweis vorzunehmen. Jede \u00c4nderung tritt mit ihrer Ver\u00f6ffentlichung auf der coaching-l\u00e9man Website in Kraft. Durch die weitere Nutzung der coaching-l\u00e9man Website akzeptieren Sie diese \u00c4nderungen stillschweigend.<\/p>\r\n\r\n\r\n\r\n<p><strong>Kontaktdaten des Hauptsitzes<\/strong><br \/>Moraine SA<br \/>Rue des Terreaux 17<br \/>CH-1003 Lausanne<br \/><a href=\"mailto:lausanne@coaching-leman.ch\">lausanne@coaching-leman.ch<\/a><\/p>\r\n\r\n\r\n\r\n<p><strong>MwSt-Nummer<\/strong> <br \/>Nicht mehrwertsteuerpflichtig<\/p>\r\n\r\n\r\n\r\n<p><strong>IDE\\UID<br \/><\/strong>CHE-108.072.995<\/p>\r\n\r\n\r\n\r\n<p>Lausanne, Januar 2025.<\/p>\r\n","protected":false},"excerpt":{"rendered":"<p>Wichtiger rechtlicher Hinweis Coaching L\u00e9man Die Inhalte der Website coaching-l\u00e9man sind durch Urheberrechtsgesetze gesch\u00fctzt. Die Inhalte der Website d\u00fcrfen in keiner Form reproduziert, \u00fcbertragen, verbreitet oder gespeichert werden, au\u00dfer f\u00fcr den streng pers\u00f6nlichen Gebrauch. Die Informationen auf dieser Website sind zum Zeitpunkt ihrer Ver\u00f6ffentlichung korrekt. Wir behalten uns das Recht vor, diese Informationen zu \u00e4ndern. [&hellip;]<\/p>\n","protected":false},"author":1,"featured_media":0,"parent":0,"menu_order":0,"comment_status":"closed","ping_status":"closed","template":"","meta":{"_acf_changed":false,"inline_featured_image":false,"powered_cache_disable_cache":false,"footnotes":""},"class_list":["post-724","page","type-page","status-publish","hentry"],"acf":[],"_links":{"self":[{"href":"https:\/\/coaching-leman.ch\/de\/wp-json\/wp\/v2\/pages\/724","targetHints":{"allow":["GET"]}}],"collection":[{"href":"https:\/\/coaching-leman.ch\/de\/wp-json\/wp\/v2\/pages"}],"about":[{"href":"https:\/\/coaching-leman.ch\/de\/wp-json\/wp\/v2\/types\/page"}],"author":[{"embeddable":true,"href":"https:\/\/coaching-leman.ch\/de\/wp-json\/wp\/v2\/users\/1"}],"replies":[{"embeddable":true,"href":"https:\/\/coaching-leman.ch\/de\/wp-json\/wp\/v2\/comments?post=724"}],"version-history":[{"count":6,"href":"https:\/\/coaching-leman.ch\/de\/wp-json\/wp\/v2\/pages\/724\/revisions"}],"predecessor-version":[{"id":29211,"href":"https:\/\/coaching-leman.ch\/de\/wp-json\/wp\/v2\/pages\/724\/revisions\/29211"}],"wp:attachment":[{"href":"https:\/\/coaching-leman.ch\/de\/wp-json\/wp\/v2\/media?parent=724"}],"curies":[{"name":"wp","href":"https:\/\/api.w.org\/{rel}","templated":true}]}}